{"id":382,"date":"2022-09-02T09:42:53","date_gmt":"2022-09-02T07:42:53","guid":{"rendered":"http:\/\/www.bieneklagenfurt.at\/?page_id=382"},"modified":"2026-01-31T18:56:05","modified_gmt":"2026-01-31T17:56:05","slug":"wichtige-formulare","status":"publish","type":"page","link":"http:\/\/www.bieneklagenfurt.at\/?page_id=382","title":{"rendered":"Wichtige Formulare"},"content":{"rendered":"\n<p><\/p>\n\n\n\n<p>Liebe Imker\/Innen!<\/p>\n\n\n\n<p><\/p>\n\n\n\n<p>Unten angef\u00fchrt findet Ihr die Formulare zur Anmeldung f\u00fcr unseres Bienenzuchtvereines sowie das Formular f\u00fcr die Gemeindemeldung laut Bienenwirtschaftsgesetzes.<\/p>\n\n\n\n<p class=\"has-text-align-left\">Solltet Ihr noch andere div. Formulare suchen, schaut mal beim Landesverband nach.<\/p>\n\n\n\n<p class=\"has-text-align-center\"><a href=\"https:\/\/www.imkerschule.org\/formulare\/\">https:\/\/www.imkerschule.org\/formulare\/<\/a><\/p>\n\n\n\n<hr class=\"wp-block-separator has-alpha-channel-opacity\"\/>\n\n\n\n<p><strong>Beitrittsmeldung<\/strong> zum Bienenzuchtverein<\/p>\n\n\n\n<div data-wp-interactive=\"\" class=\"wp-block-file\"><object data-wp-bind--hidden=\"!selectors.core.file.hasPdfPreview\" hidden class=\"wp-block-file__embed\" data=\"http:\/\/www.bieneklagenfurt.at\/wp-content\/uploads\/Bienenzuchtverein-Klagenfurt_-Beitrittserklaerung_2022-1.pdf\" type=\"application\/pdf\" style=\"width:100%;height:600px\" aria-label=\"Einbettung von Bienenzuchtverein-Klagenfurt_-Beitrittserklaerung_2022-1.\"><\/object><a id=\"wp-block-file--media-a2c926c4-e7a8-42b7-a4d5-a5671fd3c390\" href=\"http:\/\/www.bieneklagenfurt.at\/wp-content\/uploads\/Bienenzuchtverein-Klagenfurt_-Beitrittserklaerung_2022-1.pdf\">Bienenzuchtverein-Klagenfurt_-Beitrittserklaerung_2022-1<\/a><a href=\"http:\/\/www.bieneklagenfurt.at\/wp-content\/uploads\/Bienenzuchtverein-Klagenfurt_-Beitrittserklaerung_2022-1.pdf\" class=\"wp-block-file__button wp-element-button\" download aria-describedby=\"wp-block-file--media-a2c926c4-e7a8-42b7-a4d5-a5671fd3c390\">Herunterladen<\/a><\/div>\n\n\n\n<hr class=\"wp-block-separator has-alpha-channel-opacity is-style-wide\"\/>\n\n\n\n<p><strong>VIS-Imkerregistrierung<\/strong><\/p>\n\n\n\n<p><a href=\"https:\/\/www.imkerschule.org\/app\/download\/6560897662\/vis_imkerregistrierung(1).pdf?t=1489688522\">https:\/\/www.imkerschule.org\/app\/download\/6560897662\/vis_imkerregistrierung(1).pdf?t=1489688522<\/a><\/p>\n\n\n\n<hr class=\"wp-block-separator has-alpha-channel-opacity is-style-wide\"\/>\n\n\n\n<p><strong>Einwilligung Landesverband K\u00e4rnten<\/strong> DSGVO Datenschutz_03\/2020<\/p>\n\n\n\n<p><a href=\"https:\/\/www.imkerschule.org\/app\/download\/8158458962\/einwilligung_dsgvo_lv_kaernten.pdf?t=1683397989\">https:\/\/www.imkerschule.org\/app\/download\/8158458962\/einwilligung_dsgvo_lv_kaernten.pdf?t=1683397989<\/a><\/p>\n\n\n\n<hr class=\"wp-block-separator has-alpha-channel-opacity is-style-wide\"\/>\n\n\n\n<p><strong>Meldung der Bienenv\u00f6lker an die Gemeinde<\/strong><\/p>\n\n\n\n<p><a href=\"https:\/\/www.imkerschule.org\/app\/download\/6535156762\/Formular%20Gemeindemeldung_Bienenwirtschaftsgesetz_A.pdf?t=1488273402\">https:\/\/www.imkerschule.org\/app\/download\/6535156762\/Formular%20Gemeindemeldung_Bienenwirtschaftsgesetz_A.pdf?t=1488273402<\/a><\/p>\n\n\n\n<hr class=\"wp-block-separator has-alpha-channel-opacity is-style-wide\"\/>\n\n\n\n<p class=\"has-text-align-center\"><\/p>\n","protected":false},"excerpt":{"rendered":"<p>Liebe Imker\/Innen! Unten angef\u00fchrt findet Ihr die Formulare zur Anmeldung f\u00fcr unseres Bienenzuchtvereines sowie das Formular f\u00fcr die Gemeindemeldung laut Bienenwirtschaftsgesetzes. Solltet Ihr noch andere div. Formulare suchen, schaut mal beim Landesverband nach. https:\/\/www.imkerschule.org\/formulare\/ Beitrittsmeldung zum Bienenzuchtverein VIS-Imkerregistrierung https:\/\/www.imkerschule.org\/app\/download\/6560897662\/vis_imkerregistrierung(1).pdf?t=1489688522 Einwilligung Landesverband K\u00e4rnten DSGVO Datenschutz_03\/2020 https:\/\/www.imkerschule.org\/app\/download\/8158458962\/einwilligung_dsgvo_lv_kaernten.pdf?t=1683397989 Meldung der Bienenv\u00f6lker an die Gemeinde https:\/\/www.imkerschule.org\/app\/download\/6535156762\/Formular%20Gemeindemeldung_Bienenwirtschaftsgesetz_A.pdf?t=1488273402<\/p>\n","protected":false},"author":3,"featured_media":355,"parent":0,"menu_order":0,"comment_status":"closed","ping_status":"closed","template":"","meta":{"footnotes":""},"_links":{"self":[{"href":"http:\/\/www.bieneklagenfurt.at\/index.php?rest_route=\/wp\/v2\/pages\/382"}],"collection":[{"href":"http:\/\/www.bieneklagenfurt.at\/index.php?rest_route=\/wp\/v2\/pages"}],"about":[{"href":"http:\/\/www.bieneklagenfurt.at\/index.php?rest_route=\/wp\/v2\/types\/page"}],"author":[{"embeddable":true,"href":"http:\/\/www.bieneklagenfurt.at\/index.php?rest_route=\/wp\/v2\/users\/3"}],"replies":[{"embeddable":true,"href":"http:\/\/www.bieneklagenfurt.at\/index.php?rest_route=%2Fwp%2Fv2%2Fcomments&post=382"}],"version-history":[{"count":6,"href":"http:\/\/www.bieneklagenfurt.at\/index.php?rest_route=\/wp\/v2\/pages\/382\/revisions"}],"predecessor-version":[{"id":511,"href":"http:\/\/www.bieneklagenfurt.at\/index.php?rest_route=\/wp\/v2\/pages\/382\/revisions\/511"}],"wp:featuredmedia":[{"embeddable":true,"href":"http:\/\/www.bieneklagenfurt.at\/index.php?rest_route=\/wp\/v2\/media\/355"}],"wp:attachment":[{"href":"http:\/\/www.bieneklagenfurt.at\/index.php?rest_route=%2Fwp%2Fv2%2Fmedia&parent=382"}],"curies":[{"name":"wp","href":"https:\/\/api.w.org\/{rel}","templated":true}]}}