{"id":126,"date":"2014-01-08T12:48:14","date_gmt":"2014-01-08T11:48:14","guid":{"rendered":"http:\/\/www.bieneklagenfurt.at\/?page_id=126"},"modified":"2016-05-27T19:04:37","modified_gmt":"2016-05-27T17:04:37","slug":"impressum","status":"publish","type":"page","link":"http:\/\/www.bieneklagenfurt.at\/?page_id=126","title":{"rendered":"Impressum"},"content":{"rendered":"<p><strong>Bienenzuchtverein Klagenfurt-WS<\/strong><\/p>\n<p><em>Vereinszustelladresse:<\/em><br \/>\nM\u00fchlgasse 41<br \/>\n9020 Klagenfurt am W\u00f6rthersee<br \/>\n\u00d6sterreich<\/p>\n<p><em>Obmann:<\/em><br \/>\nAlbert Goritschnig<\/p>\n<p><em>Telefon:<\/em><br \/>\n+43 (0)664 \/162 53 18<\/p>\n<p><em>E-Mail:<\/em><br \/>\noffice@bieneklagenfurt.at<\/p>\n<p><em>Internet:<\/em><br \/>\nwww.bieneklagenfurt.at<\/p>\n<p><em>ZVR:<\/em><br \/>\n880881521<\/p>\n","protected":false},"excerpt":{"rendered":"<p>Bienenzuchtverein Klagenfurt-WS Vereinszustelladresse: M\u00fchlgasse 41 9020 Klagenfurt am W\u00f6rthersee \u00d6sterreich Obmann: Albert Goritschnig Telefon: +43 (0)664 \/162 53 18 E-Mail: office@bieneklagenfurt.at Internet: www.bieneklagenfurt.at ZVR: 880881521<\/p>\n","protected":false},"author":1,"featured_media":0,"parent":0,"menu_order":0,"comment_status":"closed","ping_status":"closed","template":"","meta":{"footnotes":""},"_links":{"self":[{"href":"http:\/\/www.bieneklagenfurt.at\/index.php?rest_route=\/wp\/v2\/pages\/126"}],"collection":[{"href":"http:\/\/www.bieneklagenfurt.at\/index.php?rest_route=\/wp\/v2\/pages"}],"about":[{"href":"http:\/\/www.bieneklagenfurt.at\/index.php?rest_route=\/wp\/v2\/types\/page"}],"author":[{"embeddable":true,"href":"http:\/\/www.bieneklagenfurt.at\/index.php?rest_route=\/wp\/v2\/users\/1"}],"replies":[{"embeddable":true,"href":"http:\/\/www.bieneklagenfurt.at\/index.php?rest_route=%2Fwp%2Fv2%2Fcomments&post=126"}],"version-history":[{"count":5,"href":"http:\/\/www.bieneklagenfurt.at\/index.php?rest_route=\/wp\/v2\/pages\/126\/revisions"}],"predecessor-version":[{"id":270,"href":"http:\/\/www.bieneklagenfurt.at\/index.php?rest_route=\/wp\/v2\/pages\/126\/revisions\/270"}],"wp:attachment":[{"href":"http:\/\/www.bieneklagenfurt.at\/index.php?rest_route=%2Fwp%2Fv2%2Fmedia&parent=126"}],"curies":[{"name":"wp","href":"https:\/\/api.w.org\/{rel}","templated":true}]}}